{"id":13,"date":"2026-02-28T23:59:00","date_gmt":"2026-02-28T22:59:00","guid":{"rendered":"http:\/\/firetruckshow.pl\/nowastrona\/?page_id=13"},"modified":"2025-07-03T20:23:28","modified_gmt":"2025-07-03T18:23:28","slug":"formularz-zgloszeniowy","status":"publish","type":"page","link":"https:\/\/firetruckshow.pl\/index.php\/formularz-zgloszeniowy\/","title":{"rendered":"Formularz zg\u0142oszeniowy"},"content":{"rendered":"\n<div class=\"wpcf7 no-js\" id=\"wpcf7-f12-o1\" lang=\"pl-PL\" dir=\"ltr\">\n<div class=\"screen-reader-response\"><p role=\"status\" aria-live=\"polite\" aria-atomic=\"true\"><\/p> <ul><\/ul><\/div>\n<form action=\"\/index.php\/wp-json\/wp\/v2\/pages\/13#wpcf7-f12-o1\" method=\"post\" class=\"wpcf7-form init\" aria-label=\"Formularz kontaktowy\" enctype=\"multipart\/form-data\" novalidate=\"novalidate\" data-status=\"init\">\n<div style=\"display: none;\">\n<input type=\"hidden\" name=\"_wpcf7\" value=\"12\" \/>\n<input type=\"hidden\" name=\"_wpcf7_version\" value=\"5.9.2\" \/>\n<input type=\"hidden\" name=\"_wpcf7_locale\" value=\"pl_PL\" \/>\n<input type=\"hidden\" name=\"_wpcf7_unit_tag\" value=\"wpcf7-f12-o1\" \/>\n<input type=\"hidden\" name=\"_wpcf7_container_post\" value=\"0\" \/>\n<input type=\"hidden\" name=\"_wpcf7_posted_data_hash\" value=\"\" \/>\n<\/div>\n<p>Prosimy o wype\u0142nienie wszystkich p\u00f3l oznaczonych *\n<\/p>\n<p><label><br \/>\nNazwa OSP, PSP*<br \/>\n<span class=\"wpcf7-form-control-wrap\" data-name=\"nazwa\"><input size=\"40\" class=\"wpcf7-form-control wpcf7-text wpcf7-validates-as-required\" aria-required=\"true\" aria-invalid=\"false\" value=\"\" type=\"text\" name=\"nazwa\" \/><\/span> <\/label>\n<\/p>\n<p><label> Marka*<br \/>\n<span class=\"wpcf7-form-control-wrap\" data-name=\"marka\"><input size=\"40\" class=\"wpcf7-form-control wpcf7-text wpcf7-validates-as-required\" aria-required=\"true\" aria-invalid=\"false\" value=\"\" type=\"text\" name=\"marka\" \/><\/span> <\/label>\n<\/p>\n<p><label> Model*<br \/>\n<span class=\"wpcf7-form-control-wrap\" data-name=\"model\"><input size=\"40\" class=\"wpcf7-form-control wpcf7-text wpcf7-validates-as-required\" aria-required=\"true\" aria-invalid=\"false\" value=\"\" type=\"text\" name=\"model\" \/><\/span> <\/label>\n<\/p>\n<p><label> Numer operacyjny je\u015bli brak - rejestracyjny*<br \/>\n<span class=\"wpcf7-form-control-wrap\" data-name=\"numer\"><input size=\"40\" class=\"wpcf7-form-control wpcf7-text wpcf7-validates-as-required\" aria-required=\"true\" aria-invalid=\"false\" value=\"\" type=\"text\" name=\"numer\" \/><\/span> <\/label>\n<\/p>\n<p><label> Rok produkcji*<br \/>\n<span class=\"wpcf7-form-control-wrap\" data-name=\"rok\"><input size=\"40\" class=\"wpcf7-form-control wpcf7-text wpcf7-validates-as-required\" aria-required=\"true\" aria-invalid=\"false\" value=\"\" type=\"text\" name=\"rok\" \/><\/span> <\/label>\n<\/p>\n<p><label> Typ pojazdu (GBA, GLM, itd.)*<br \/>\n<span class=\"wpcf7-form-control-wrap\" data-name=\"typ\"><input size=\"40\" class=\"wpcf7-form-control wpcf7-text wpcf7-validates-as-required\" aria-required=\"true\" aria-invalid=\"false\" value=\"\" type=\"text\" name=\"typ\" \/><\/span> <\/label>\n<\/p>\n<p><label> Ulica*<br \/>\n<span class=\"wpcf7-form-control-wrap\" data-name=\"ulica\"><input size=\"40\" class=\"wpcf7-form-control wpcf7-text wpcf7-validates-as-required\" aria-required=\"true\" aria-invalid=\"false\" value=\"\" type=\"text\" name=\"ulica\" \/><\/span> <\/label>\n<\/p>\n<p><label> Miejscowo\u015b\u0107*<br \/>\n<span class=\"wpcf7-form-control-wrap\" data-name=\"miejscowosc\"><input size=\"40\" class=\"wpcf7-form-control wpcf7-text wpcf7-validates-as-required\" aria-required=\"true\" aria-invalid=\"false\" value=\"\" type=\"text\" name=\"miejscowosc\" \/><\/span> <\/label>\n<\/p>\n<p><label> Kod pocztowy*<br \/>\n<span class=\"wpcf7-form-control-wrap\" data-name=\"kod-pocztowy\"><input size=\"40\" class=\"wpcf7-form-control wpcf7-text wpcf7-validates-as-required\" aria-required=\"true\" aria-invalid=\"false\" value=\"\" type=\"text\" name=\"kod-pocztowy\" \/><\/span> <\/label>\n<\/p>\n<p><label> Wojew\u00f3dztwo*<br \/>\n<span class=\"wpcf7-form-control-wrap\" data-name=\"wojewodztwo\"><input size=\"40\" class=\"wpcf7-form-control wpcf7-text wpcf7-validates-as-required\" aria-required=\"true\" aria-invalid=\"false\" value=\"\" type=\"text\" name=\"wojewodztwo\" \/><\/span> <\/label>\n<\/p>\n<p><label> Osoba zg\u0142aszaj\u0105ca*<br \/>\n<span class=\"wpcf7-form-control-wrap\" data-name=\"osoba\"><input size=\"40\" class=\"wpcf7-form-control wpcf7-text wpcf7-validates-as-required\" aria-required=\"true\" aria-invalid=\"false\" value=\"\" type=\"text\" name=\"osoba\" \/><\/span> <\/label>\n<\/p>\n<p><label> Telefon (kom.)*<br \/>\n<span class=\"wpcf7-form-control-wrap\" data-name=\"telefon\"><input size=\"40\" class=\"wpcf7-form-control wpcf7-text wpcf7-validates-as-required\" aria-required=\"true\" aria-invalid=\"false\" value=\"\" type=\"text\" name=\"telefon\" \/><\/span> <\/label>\n<\/p>\n<p><label> Adres e-mail*<br \/>\n<span class=\"wpcf7-form-control-wrap\" data-name=\"adres-email\"><input size=\"40\" class=\"wpcf7-form-control wpcf7-email wpcf7-validates-as-required wpcf7-text wpcf7-validates-as-email\" aria-required=\"true\" aria-invalid=\"false\" value=\"\" type=\"email\" name=\"adres-email\" \/><\/span> <\/label>\n<\/p>\n<p><label> Ilo\u015b\u0107 os\u00f3b kt\u00f3re przyb\u0119d\u0105<br \/>\n(uwaga: jednak nie wi\u0119cej ni\u017c ilo\u015b\u0107 miejsc siedz\u0105cych w samochodzie)*<br \/>\n<span class=\"wpcf7-form-control-wrap\" data-name=\"ilosc\"><input size=\"40\" class=\"wpcf7-form-control wpcf7-text wpcf7-validates-as-required\" aria-required=\"true\" aria-invalid=\"false\" value=\"\" type=\"text\" name=\"ilosc\" \/><\/span> <\/label>\n<\/p>\n<p><label> Czy jednostka posiada profil Facebookowy? Je\u015bli tak wklej link:<br \/>\n<span class=\"wpcf7-form-control-wrap\" data-name=\"link-facebook\"><input size=\"40\" class=\"wpcf7-form-control wpcf7-text\" aria-invalid=\"false\" value=\"\" type=\"text\" name=\"link-facebook\" \/><\/span> <\/label>\n<\/p>\n<p><label> Zdj\u0119cie pojazdu (max. 6MB)<br \/>\n(uwaga: w miar\u0119 mo\u017cliwo\u015bci prosimy, aby nazwa pliku zawiera\u0142a nazw\u0119 OSP, PSP np. osp_abc.jpg)*<br \/>\n<span class=\"wpcf7-form-control-wrap\" data-name=\"zdjecie\"><input size=\"40\" class=\"wpcf7-form-control wpcf7-file wpcf7-validates-as-required\" accept=\".jpg,.jpeg\" aria-required=\"true\" aria-invalid=\"false\" type=\"file\" name=\"zdjecie\" \/><\/span> <\/label>\n<\/p>\n<p><span class=\"wpcf7-form-control-wrap\" data-name=\"random-capital-quiz\"><label><span class=\"wpcf7-quiz-label\">Stolica Japonii?<\/span> <input size=\"40\" class=\"wpcf7-form-control wpcf7-quiz\" autocomplete=\"off\" aria-required=\"true\" aria-invalid=\"false\" type=\"text\" name=\"random-capital-quiz\" \/><\/label><input type=\"hidden\" name=\"_wpcf7_quiz_answer_random-capital-quiz\" value=\"8a20e986bf12f8f9ec13c391ee5e2bc4\" \/><\/span>\n<\/p>\n<p><span class=\"wpcf7-form-control-wrap\" data-name=\"zgoda\"><span class=\"wpcf7-form-control wpcf7-acceptance\"><span class=\"wpcf7-list-item\"><label><input type=\"checkbox\" name=\"zgoda\" value=\"1\" aria-invalid=\"false\" \/><span class=\"wpcf7-list-item-label\">O\u015bwiadczam, \u017ce zapozna\u0142em si\u0119 z postanowieniami Regulaminu*<\/span><\/label><\/span><\/span><\/span>\n<\/p>\n<p><input class=\"wpcf7-form-control wpcf7-submit has-spinner\" type=\"submit\" value=\"Wy\u015blij\" \/>\n<\/p><div class=\"wpcf7-response-output\" aria-hidden=\"true\"><\/div>\n<\/form>\n<\/div>\n\n","protected":false},"excerpt":{"rendered":"","protected":false},"author":1,"featured_media":0,"parent":0,"menu_order":0,"comment_status":"closed","ping_status":"closed","template":"","meta":{"ngg_post_thumbnail":0,"footnotes":""},"_links":{"self":[{"href":"https:\/\/firetruckshow.pl\/index.php\/wp-json\/wp\/v2\/pages\/13"}],"collection":[{"href":"https:\/\/firetruckshow.pl\/index.php\/wp-json\/wp\/v2\/pages"}],"about":[{"href":"https:\/\/firetruckshow.pl\/index.php\/wp-json\/wp\/v2\/types\/page"}],"author":[{"embeddable":true,"href":"https:\/\/firetruckshow.pl\/index.php\/wp-json\/wp\/v2\/users\/1"}],"replies":[{"embeddable":true,"href":"https:\/\/firetruckshow.pl\/index.php\/wp-json\/wp\/v2\/comments?post=13"}],"version-history":[{"count":6,"href":"https:\/\/firetruckshow.pl\/index.php\/wp-json\/wp\/v2\/pages\/13\/revisions"}],"predecessor-version":[{"id":21360,"href":"https:\/\/firetruckshow.pl\/index.php\/wp-json\/wp\/v2\/pages\/13\/revisions\/21360"}],"wp:attachment":[{"href":"https:\/\/firetruckshow.pl\/index.php\/wp-json\/wp\/v2\/media?parent=13"}],"curies":[{"name":"wp","href":"https:\/\/api.w.org\/{rel}","templated":true}]}}