{"id":160,"date":"2018-02-24T20:15:31","date_gmt":"2018-02-24T19:15:31","guid":{"rendered":"http:\/\/firetruckshow.pl\/nowastrona\/?page_id=160"},"modified":"2026-03-01T13:00:38","modified_gmt":"2026-03-01T12:00:38","slug":"kontakt","status":"publish","type":"page","link":"https:\/\/firetruckshow.pl\/index.php\/kontakt\/","title":{"rendered":"Kontakt"},"content":{"rendered":"<table cellspacing=\"20px\" cellpadding=\"20px\">\n<tbody>\n<tr>\n<th>Imi\u0119 i nazwisko<\/th>\n<th>Adres e-mail<\/th>\n<th>Telefon<\/th>\n<\/tr>\n<tr>\n<td>Joachim Ptok \u2013 organizator<\/td>\n<td><a href=\"mailto:agrocentrumbauland@op.pl\">agrocentrumbauland@op.pl<\/a><\/td>\n<td>601 456 896<\/td>\n<\/tr>\n<tr>\n<td>Rafa\u0142 Sali\u0144ski \u2013 organizator<\/td>\n<td style=\"text-align: center;\">&#8211;<\/td>\n<td>691 857 548<\/td>\n<\/tr>\n<tr>\n<td>Tomasz Kus \u2013 organizator<\/td>\n<td><a href=\"mailto:tomek@firetruckshow.pl\">tomek@firetruckshow.pl<\/a><\/td>\n<td>501 659 339<\/td>\n<\/tr>\n<tr>\n<td>Adam Kandora &#8211; kontakt w sprawie zg\u0142osze\u0144<\/td>\n<td><a href=\"mailto:adam@firetruckshow.pl\">adam@firetruckshow.pl<\/a><\/td>\n<td>726 042 183<\/td>\n<\/tr>\n<\/tbody>\n<\/table>\n\n<div class=\"wpcf7 no-js\" id=\"wpcf7-f159-o1\" lang=\"pl-PL\" dir=\"ltr\">\n<div class=\"screen-reader-response\"><p role=\"status\" aria-live=\"polite\" aria-atomic=\"true\"><\/p> <ul><\/ul><\/div>\n<form action=\"\/index.php\/wp-json\/wp\/v2\/pages\/160#wpcf7-f159-o1\" method=\"post\" class=\"wpcf7-form init\" aria-label=\"Formularz kontaktowy\" novalidate=\"novalidate\" data-status=\"init\">\n<div style=\"display: none;\">\n<input type=\"hidden\" name=\"_wpcf7\" value=\"159\" \/>\n<input type=\"hidden\" name=\"_wpcf7_version\" value=\"5.9.2\" \/>\n<input type=\"hidden\" name=\"_wpcf7_locale\" value=\"pl_PL\" \/>\n<input type=\"hidden\" name=\"_wpcf7_unit_tag\" value=\"wpcf7-f159-o1\" \/>\n<input type=\"hidden\" name=\"_wpcf7_container_post\" value=\"0\" \/>\n<input type=\"hidden\" name=\"_wpcf7_posted_data_hash\" value=\"\" \/>\n<\/div>\n<p><label> Nazwa (wymagane)<br \/>\n<span class=\"wpcf7-form-control-wrap\" data-name=\"your-name\"><input size=\"40\" class=\"wpcf7-form-control wpcf7-text wpcf7-validates-as-required\" aria-required=\"true\" aria-invalid=\"false\" value=\"\" type=\"text\" name=\"your-name\" \/><\/span> <\/label>\n<\/p>\n<p><label> Adres email (wymagane)<br \/>\n<span class=\"wpcf7-form-control-wrap\" data-name=\"your-email\"><input size=\"40\" class=\"wpcf7-form-control wpcf7-email wpcf7-validates-as-required wpcf7-text wpcf7-validates-as-email\" aria-required=\"true\" aria-invalid=\"false\" value=\"\" type=\"email\" name=\"your-email\" \/><\/span> <\/label>\n<\/p>\n<p><label> Temat<br \/>\n<span class=\"wpcf7-form-control-wrap\" data-name=\"your-subject\"><input size=\"40\" class=\"wpcf7-form-control wpcf7-text wpcf7-validates-as-required\" aria-required=\"true\" aria-invalid=\"false\" value=\"\" type=\"text\" name=\"your-subject\" \/><\/span> <\/label>\n<\/p>\n<p><label> Tre\u015b\u0107 wiadomo\u015bci<br \/>\n<span class=\"wpcf7-form-control-wrap\" data-name=\"your-message\"><textarea cols=\"40\" rows=\"10\" class=\"wpcf7-form-control wpcf7-textarea wpcf7-validates-as-required\" aria-required=\"true\" aria-invalid=\"false\" name=\"your-message\"><\/textarea><\/span> <\/label>\n<\/p>\n<p><span class=\"wpcf7-form-control-wrap\" data-name=\"quiz-224\"><label><span class=\"wpcf7-quiz-label\">Jaka jest stolica Polski?<\/span> <input size=\"40\" class=\"wpcf7-form-control wpcf7-quiz\" autocomplete=\"off\" aria-required=\"true\" aria-invalid=\"false\" type=\"text\" name=\"quiz-224\" \/><\/label><input type=\"hidden\" name=\"_wpcf7_quiz_answer_quiz-224\" value=\"8cc1f4fcfdfe8c5825008a8eb0ed4f50\" \/><\/span>\n<\/p>\n<p><input class=\"wpcf7-form-control wpcf7-submit has-spinner\" type=\"submit\" value=\"Wy\u015blij\" \/>\n<\/p><div class=\"wpcf7-response-output\" aria-hidden=\"true\"><\/div>\n<\/form>\n<\/div>\n\n","protected":false},"excerpt":{"rendered":"<p>Imi\u0119 i nazwisko Adres e-mail Telefon Joachim Ptok \u2013 organizator agrocentrumbauland@op.pl 601 456 896 Rafa\u0142 Sali\u0144ski \u2013 organizator &#8211; 691 857 548 Tomasz Kus \u2013 organizator tomek@firetruckshow.pl 501 659 339 Adam Kandora &#8211; kontakt w sprawie zg\u0142osze\u0144 adam@firetruckshow.pl 726 042 183<\/p>\n","protected":false},"author":1,"featured_media":0,"parent":0,"menu_order":0,"comment_status":"closed","ping_status":"closed","template":"","meta":{"ngg_post_thumbnail":0,"footnotes":""},"_links":{"self":[{"href":"https:\/\/firetruckshow.pl\/index.php\/wp-json\/wp\/v2\/pages\/160"}],"collection":[{"href":"https:\/\/firetruckshow.pl\/index.php\/wp-json\/wp\/v2\/pages"}],"about":[{"href":"https:\/\/firetruckshow.pl\/index.php\/wp-json\/wp\/v2\/types\/page"}],"author":[{"embeddable":true,"href":"https:\/\/firetruckshow.pl\/index.php\/wp-json\/wp\/v2\/users\/1"}],"replies":[{"embeddable":true,"href":"https:\/\/firetruckshow.pl\/index.php\/wp-json\/wp\/v2\/comments?post=160"}],"version-history":[{"count":12,"href":"https:\/\/firetruckshow.pl\/index.php\/wp-json\/wp\/v2\/pages\/160\/revisions"}],"predecessor-version":[{"id":30340,"href":"https:\/\/firetruckshow.pl\/index.php\/wp-json\/wp\/v2\/pages\/160\/revisions\/30340"}],"wp:attachment":[{"href":"https:\/\/firetruckshow.pl\/index.php\/wp-json\/wp\/v2\/media?parent=160"}],"curies":[{"name":"wp","href":"https:\/\/api.w.org\/{rel}","templated":true}]}}