{"id":8,"date":"2018-02-17T16:08:55","date_gmt":"2018-02-17T15:08:55","guid":{"rendered":"http:\/\/firetruckshow.pl\/nowastrona\/?page_id=8"},"modified":"2025-02-13T12:24:08","modified_gmt":"2025-02-13T11:24:08","slug":"regulamin","status":"publish","type":"page","link":"https:\/\/firetruckshow.pl\/index.php\/regulamin\/","title":{"rendered":"Regulamin"},"content":{"rendered":"\n<p> <\/p>\n\n\n\n<p>REGULAMIN ZLOTU 2025<\/p>\n\n\n\n<ol>\n<li>Zg\u0142oszenia udzia\u0142u w zlocie przyjmowane b\u0119d\u0105 od dnia 01.03.2025 godz. 00:00 do 30.06.2025 godz.23.59 wy\u0142\u0105cznie za po\u015brednictwem formularza dost\u0119pnego na stronie www.firetruckshow.pl<\/li>\n\n\n\n<li>Zlot odbywa si\u0119 w dniach 04-06.07.2025 roku na terenie miejscowo\u015bci G\u0142\u00f3wczyce woj. opolskie<\/li>\n\n\n\n<li>Zlot odb\u0119dzie si\u0119 w \u015bcis\u0142ym re\u017cimie sanitarnym, zgodnie z aktualnymi wytycznymi rz\u0105du.<\/li>\n\n\n\n<li>Fire Truck Show czyli Mi\u0119dzynarodowy Zlot Pojazd\u00f3w Po\u017carniczych jest imprez\u0105 motoryzacyjn\u0105 o charakterze integracyjnym. Ma na celu integracj\u0119 u\u017cytkownik\u00f3w i mi\u0142o\u015bnik\u00f3w samochod\u00f3w stra\u017cackich oraz innych s\u0142u\u017cb wsp\u00f3\u0142pracuj\u0105cych bezpo\u015brednio ze stra\u017c\u0105 po\u017carn\u0105.<\/li>\n\n\n\n<li>Przez okre\u015blenie &#8222;organizatorzy Zlotu Fire Truck Show&#8221; nale\u017cy rozumie\u0107 osoby, kt\u00f3re na zasadach non-profit i ca\u0142kowicie spo\u0142ecznie podj\u0119\u0142y si\u0119 zorganizowania imprezy &#8211; wy\u0142\u0105czaj\u0105c ich jak\u0105kolwiek odpowiedzialno\u015b\u0107 prawn\u0105 za zdarzenia losowe. Ka\u017cdy Uczestnik Zlotu jest odpowiedzialny za swoje czyny, zachowanie oraz ich skutki.<\/li>\n\n\n\n<li>Po doje\u017adzie na teren zlotu kierowca powinien zg\u0142osi\u0107 si\u0119 do biura zlotu zlokalizowanego na terenie boiska celem odebrania talon\u00f3w, a tak\u017ce potwierdzenia zapoznania si\u0119 z niniejszym regulaminem. Po powrocie do samochodu nale\u017cy poinformowa\u0107 pozosta\u0142ych uczestnik\u00f3w o nale\u017cno\u015bci przestrzegania regulaminu.<\/li>\n\n\n\n<li>Podczas trwania imprezy obowi\u0105zuje \u0142\u0105czno\u015b\u0107 na kanale <strong>B035 (KRG2)<\/strong><\/li>\n\n\n\n<li>Udzia\u0142 w mszy \u015bwi\u0119tej jest dobrowolny, niemniej jednak zach\u0119camy do udzia\u0142u w niej wszystkich przyby\u0142ych stra\u017cak\u00f3w. Bardzo mile widziane s\u0105 poczty sztandarowe.<\/li>\n\n\n\n<li><strong>Zabrania si\u0119 przewo\u017cenia os\u00f3b na dachu samochodu jak i wszelkich innych miejscach do tego nie przeznaczonych.<\/strong><\/li>\n\n\n\n<li>Zabrania si\u0119 pozostawiania dzieci bez opieki na terenie zlotu, oraz w miejscach w kt\u00f3rych odbywa si\u0119 ruch pojazd\u00f3w.<\/li>\n\n\n\n<li>Organizatorzy zastrzegaj\u0105 sobie prawo do ustalenia limitu startuj\u0105cych w poszczeg\u00f3lnych konkurencjach. Przed udzia\u0142em w konkurencjach z u\u017cyciem aut (czy to w\u0142asnych czy udost\u0119pnionych) uczestnik mo\u017ce zosta\u0107 przebadany alkomatem.<\/li>\n\n\n\n<li>Podczas trwania zlotu zabrania si\u0119 podawania \u015brodk\u00f3w pianotw\u00f3rczych w ka\u017cdej postaci.<\/li>\n\n\n\n<li>Fire Truck Show&#8217;er czyli wielki prysznic. Ze wzgl\u0119du na przybywaj\u0105cych go\u015bci przyje\u017cd\u017caj\u0105cych nierzadko z ma\u0142ymi dzie\u0107mi zmuszeni jeste\u015bmy do ograniczenia podawania pr\u0105d\u00f3w wody podczas trwania zlotu:<br>a. Fire Truck Show&#8217;er przewidziany jest na godz. 19.00 Stosowna informacja o rozpocz\u0119ciu b\u0119dzie podana przez organizatora za po\u015brednictwem radiostacji na kanale B035 (KRG2)<br>b. przed rozpocz\u0119ciem b\u0119d\u0105 podawane komunikaty, tak aby osoby postronne zd\u0105\u017cy\u0142y opu\u015bci\u0107 plac zlotowy<br>c. dopuszcza si\u0119 podawanie wody z pr\u0105downic, dzia\u0142ek wodno &#8211; pianowych oraz kurtyn<br>d. osoby obs\u0142uguj\u0105ce autopomp\u0119 oraz dzia\u0142ka wodno &#8211; pianowe a tak\u017ce pr\u0105downice i kurtyny wodne, zobowi\u0105zane s\u0105 do wyposa\u017cenia si\u0119 w podstawowy sprz\u0119t ochrony osobistej (USP, he\u0142m, obuwie specjalne)<br>e. pr\u0105dy wody podajemy wy\u0142\u0105cznie ku g\u00f3rze, upewniaj\u0105c si\u0119 \u017ce nikogo nie ma w bezpo\u015brednim pobli\u017cu, a tak\u017ce zwracaj\u0105c szczeg\u00f3ln\u0105 uwag\u0119 na linie energetyczne.<br>f. obs\u0142uguj\u0105cy armatur\u0119 musz\u0105 posiada\u0107 uko\u0144czony co najmniej kurs podstawowy stra\u017caka ochotnika a tak\u017ce zachowa\u0107 wszelkie zasady BHP<br>g. organizatorzy nie ponosz\u0105 \u017cadnej odpowiedzialno\u015bci za wypadki powsta\u0142e podczas lania wody.<br>h. <strong>po zako\u0144czaniu podawania wody obowi\u0105zuje kategoryczny zakaz opuszczania boiska, a tak\u017ce manewrowania pojazdami przez okres jednej godziny!<\/strong><\/li>\n\n\n\n<li>Wybory w poszczeg\u00f3lnych konkurencjach:<br>a. wyb\u00f3r naj\u0142adniejszego wozu zlotu dokonywany jest poprzez powo\u0142an\u0105 przez organizator\u00f3w komisj\u0119,<br>b. nagrod\u0119 dla pierwszego zg\u0142oszonego wozu otrzymuje jednostka lub osoba kt\u00f3ra jako pierwsza wy\u015ble prawid\u0142owo wype\u0142nione zg\u0142oszenie oraz b\u0119dzie obecna wraz z wozem na zlocie<br>c. najstarszym wozem zlotu zostaje og\u0142oszony w\u00f3z kt\u00f3ry figuruje w SWD jako czynny pojazd bior\u0105cy udzia\u0142 w akcjach. W razie gdyby wymieniony w\u00f3z dosta\u0142 nagrod\u0119 w tej kategorii w ci\u0105gu 5 poprzednich edycji wybranym wozem zostanie kolejny obecny na zlocie samoch\u00f3d<\/li>\n\n\n\n<li>Uczestnik Zlotu zobowi\u0105zany jest do poszanowania mienia znajduj\u0105cego si\u0119 na terenie zlotu i ponosi pe\u0142n\u0105 odpowiedzialno\u015b\u0107 za wyrz\u0105dzone szkody. Wszelkie kradzie\u017ce i zniszczenia b\u0119d\u0105 natychmiast zg\u0142aszane w\u0142a\u015bciwemu organowi prawnemu.<\/li>\n\n\n\n<li>W ci\u0105gu ca\u0142ego trwania wydarzenia na wszystkich obiektach wprowadza si\u0119 <strong>kategoryczny zakaz u\u017cywania szklanych opakowa\u0144 z napojami<\/strong><\/li>\n\n\n\n<li>Ruch pojazd\u00f3w na terenie imprezy odbywa si\u0119 wed\u0142ug przepis\u00f3w prawa o ruchu drogowym, dla tego prosimy o zachowanie szczeg\u00f3lnej ostro\u017cno\u015bci podczas przemieszczania si\u0119 pomi\u0119dzy placem zlotowym a namiotem festynowym.<\/li>\n\n\n\n<li>W przypadku poruszania si\u0119 pojazdem na terenie imprezy w stanie wskazuj\u0105cym na spo\u017cycie alkoholu b\u0105d\u017a pod wp\u0142ywem innych \u015brodk\u00f3w odurzaj\u0105cych, uczestnik imprezy zostanie z niej usuni\u0119ty, bez prawa do ubiegania si\u0119 o zwrot poniesionych koszt\u00f3w oraz powiadomiony zostanie odpowiedni organ prawny.<\/li>\n\n\n\n<li>Ka\u017cdy uczestnik stara si\u0119 o jak najlepsz\u0105 prezentacj\u0119 swojego samochodu oraz swoj\u0105 postaw\u0105 promuje pozytywny wizerunek stra\u017caka.<\/li>\n\n\n\n<li>Na terenie Zlotu obowi\u0105zuj\u0105 zasady dobrego wychowania, przyja\u017ani i dobrej zabawy.<\/li>\n\n\n\n<li>Wszelkie kwestie sporne, oraz inne sprawy nie uwzgl\u0119dnione w regulaminie nale\u017cy zg\u0142asza\u0107 do organizator\u00f3w.<\/li>\n\n\n\n<li>Ka\u017cdy Uczestnik ponosi wy\u0142\u0105czn\u0105 odpowiedzialno\u015b\u0107 karn\u0105 i cywiln\u0105 za wszelkie straty jakie spowoduje sam lub prowadzony przez niego pojazd. Wys\u0142anie zg\u0142oszenia jest r\u00f3wnoznaczne z akceptacj\u0105 niniejszego regulaminu. Uczestnik zrzeka si\u0119 wszelkich praw do wszcz\u0119cia krok\u00f3w s\u0105dowych lub wyst\u0119powania z regresem przeciwko organizatorom, sponsorom, innym uczestnikom, organom w\u0142adzy, w\u0142a\u015bcicielom i zarz\u0105dcom teren\u00f3w a tak\u017ce wszelkim i wszystkim osobom powi\u0105zanych z organizacj\u0105 Zlotu, z wyj\u0105tkiem przypadk\u00f3w gdy wypadek by\u0142 zamierzony b\u0105d\u017a wynika\u0142 z ra\u017c\u0105cego zaniedbania. Niniejsza umowa wchodzi w \u017cycie z chwil\u0105 wys\u0142ania zg\u0142oszenia o znajomo\u015bci niniejszego Regulaminu i akceptacji jego postanowie\u0144.<\/li>\n\n\n\n<li>Ka\u017cdy kieruj\u0105cy pojazdem musi posiada\u0107 wa\u017cne Prawo Jazdy oraz Pozwolenie do Prowadzenia Pojazd\u00f3w Uprzywilejowanych.<\/li>\n\n\n\n<li>Niedostosowanie si\u0119 do postanowie\u0144 niniejszego regulaminu powoduje wykluczenie jednostki z udzia\u0142u w zlocie a tak\u017ce zakazie uczestnictwa w kolejnych edycjach.<\/li>\n\n\n\n<li>Organizator zastrzega sobie prawo do zmian w regulaminie przed i w trakcie trwania Zlotu.<\/li>\n\n\n\n<li>Organizator nie ponosi odpowiedzialno\u015bci za osoby nie stosuj\u0105ce si\u0119 do aktualnych wytycznych w sprawie utrzymania odleg\u0142o\u015bci, a tak\u017ce zakrywania ust i nosa.<\/li>\n\n\n\n<li>Wys\u0142anie zg\u0142oszenia jest r\u00f3wnoznaczne z akceptacj\u0105 niniejszego regulaminu.<\/li>\n<\/ol>\n\n\n\n<p><\/p>\n","protected":false},"excerpt":{"rendered":"<p>REGULAMIN ZLOTU 2025<\/p>\n","protected":false},"author":1,"featured_media":0,"parent":0,"menu_order":0,"comment_status":"closed","ping_status":"closed","template":"","meta":{"ngg_post_thumbnail":0,"footnotes":""},"_links":{"self":[{"href":"https:\/\/firetruckshow.pl\/index.php\/wp-json\/wp\/v2\/pages\/8"}],"collection":[{"href":"https:\/\/firetruckshow.pl\/index.php\/wp-json\/wp\/v2\/pages"}],"about":[{"href":"https:\/\/firetruckshow.pl\/index.php\/wp-json\/wp\/v2\/types\/page"}],"author":[{"embeddable":true,"href":"https:\/\/firetruckshow.pl\/index.php\/wp-json\/wp\/v2\/users\/1"}],"replies":[{"embeddable":true,"href":"https:\/\/firetruckshow.pl\/index.php\/wp-json\/wp\/v2\/comments?post=8"}],"version-history":[{"count":14,"href":"https:\/\/firetruckshow.pl\/index.php\/wp-json\/wp\/v2\/pages\/8\/revisions"}],"predecessor-version":[{"id":26475,"href":"https:\/\/firetruckshow.pl\/index.php\/wp-json\/wp\/v2\/pages\/8\/revisions\/26475"}],"wp:attachment":[{"href":"https:\/\/firetruckshow.pl\/index.php\/wp-json\/wp\/v2\/media?parent=8"}],"curies":[{"name":"wp","href":"https:\/\/api.w.org\/{rel}","templated":true}]}}